{"id":139,"date":"2018-10-01T15:14:19","date_gmt":"2018-10-01T15:14:19","guid":{"rendered":"https:\/\/www.radioclubedodao.pt\/site\/?page_id=139"},"modified":"2018-10-04T10:44:20","modified_gmt":"2018-10-04T10:44:20","slug":"equipa-2","status":"publish","type":"page","link":"https:\/\/www.radioclubedodao.pt\/site\/equipa-2\/","title":{"rendered":"Equipa"},"content":{"rendered":"<p>&#8216;<div id=\"metaslider-id-232\" style=\"max-width: 600px;\" class=\"ml-slider-3-106-0 metaslider metaslider-flex metaslider-232 ml-slider ms-theme-default nav-hidden\" role=\"region\" aria-label=\"Equipa\" data-height=\"500\" data-width=\"600\">\n    <div id=\"metaslider_container_232\">\n        <div id=\"metaslider_232\">\n            <ul class='slides'>\n                <li style=\"display: block; width: 100%;\" class=\"slide-245 ms-image \" aria-roledescription=\"slide\" data-date=\"2018-10-04 10:42:07\" data-filename=\"1-275x229.jpg\" data-slide-type=\"image\"><img loading=\"lazy\" decoding=\"async\" src=\"https:\/\/www.radioclubedodao.pt\/site\/wp-content\/uploads\/2018\/10\/1-275x229.jpg\" height=\"500\" width=\"600\" alt=\"\" class=\"slider-232 slide-245 msDefaultImage\" title=\"1\" \/><div class=\"caption-wrap\"><div class=\"caption\">Jorge Henriques<\/div><\/div><\/li>\n                <li style=\"display: none; width: 100%;\" class=\"slide-246 ms-image \" aria-roledescription=\"slide\" data-date=\"2018-10-04 10:42:07\" data-filename=\"2-300x250.jpg\" data-slide-type=\"image\"><img loading=\"lazy\" decoding=\"async\" src=\"https:\/\/www.radioclubedodao.pt\/site\/wp-content\/uploads\/2018\/10\/2-300x250.jpg\" height=\"500\" width=\"600\" alt=\"\" class=\"slider-232 slide-246 msDefaultImage\" title=\"2\" \/><div class=\"caption-wrap\"><div class=\"caption\">Vitor Correia - Divulgarte<\/div><\/div><\/li>\n                <li style=\"display: none; width: 100%;\" class=\"slide-247 ms-image \" aria-roledescription=\"slide\" data-date=\"2018-10-04 10:42:07\" data-filename=\"3-195x162.jpg\" data-slide-type=\"image\"><img loading=\"lazy\" decoding=\"async\" src=\"https:\/\/www.radioclubedodao.pt\/site\/wp-content\/uploads\/2018\/10\/3-195x162.jpg\" height=\"500\" width=\"600\" alt=\"\" class=\"slider-232 slide-247 msDefaultImage\" title=\"3\" \/><div class=\"caption-wrap\"><div class=\"caption\">Rui Fonte<\/div><\/div><\/li>\n                <li style=\"display: none; width: 100%;\" class=\"slide-249 ms-image \" aria-roledescription=\"slide\" data-date=\"2018-10-04 10:42:07\" data-filename=\"5-300x250.jpg\" data-slide-type=\"image\"><img loading=\"lazy\" decoding=\"async\" src=\"https:\/\/www.radioclubedodao.pt\/site\/wp-content\/uploads\/2018\/10\/5-300x250.jpg\" height=\"500\" width=\"600\" alt=\"\" class=\"slider-232 slide-249 msDefaultImage\" title=\"5\" \/><div class=\"caption-wrap\"><div class=\"caption\">Jo\u00e3o Gomes<\/div><\/div><\/li>\n                <li style=\"display: none; width: 100%;\" class=\"slide-250 ms-image \" aria-roledescription=\"slide\" data-date=\"2018-10-04 10:42:07\" data-filename=\"6-254x212.jpg\" data-slide-type=\"image\"><img loading=\"lazy\" decoding=\"async\" src=\"https:\/\/www.radioclubedodao.pt\/site\/wp-content\/uploads\/2018\/10\/6-254x212.jpg\" height=\"500\" width=\"600\" alt=\"\" class=\"slider-232 slide-250 msDefaultImage\" title=\"6\" \/><div class=\"caption-wrap\"><div class=\"caption\">Mafalda Ramos - Audio Press Portugal<\/div><\/div><\/li>\n                <li style=\"display: none; width: 100%;\" class=\"slide-254 ms-image \" aria-roledescription=\"slide\" data-date=\"2018-10-04 10:42:07\" data-filename=\"10-510x425.jpg\" data-slide-type=\"image\"><img loading=\"lazy\" decoding=\"async\" src=\"https:\/\/www.radioclubedodao.pt\/site\/wp-content\/uploads\/2018\/10\/10-510x425.jpg\" height=\"500\" width=\"600\" alt=\"\" class=\"slider-232 slide-254 msDefaultImage\" title=\"10\" \/><div class=\"caption-wrap\"><div class=\"caption\">Margarida Lucas - A arte de ser feliz<\/div><\/div><\/li>\n                <li style=\"display: none; width: 100%;\" class=\"slide-255 ms-image \" aria-roledescription=\"slide\" data-date=\"2018-10-04 10:42:07\" data-filename=\"11-600x500.jpeg\" data-slide-type=\"image\"><img loading=\"lazy\" decoding=\"async\" src=\"https:\/\/www.radioclubedodao.pt\/site\/wp-content\/uploads\/2018\/10\/11-600x500.jpeg\" height=\"500\" width=\"600\" alt=\"\" class=\"slider-232 slide-255 msDefaultImage\" title=\"11\" \/><div class=\"caption-wrap\"><div class=\"caption\">Rui Cardoso - Legendado em Portugu\u00eas<\/div><\/div><\/li>\n                <li style=\"display: none; width: 100%;\" class=\"slide-256 ms-image \" aria-roledescription=\"slide\" data-date=\"2018-10-04 10:42:07\" data-filename=\"12-540x450.jpg\" data-slide-type=\"image\"><img loading=\"lazy\" decoding=\"async\" src=\"https:\/\/www.radioclubedodao.pt\/site\/wp-content\/uploads\/2018\/10\/12-540x450.jpg\" height=\"500\" width=\"600\" alt=\"\" class=\"slider-232 slide-256 msDefaultImage\" title=\"12\" \/><div class=\"caption-wrap\"><div class=\"caption\">Marcelo Costa - Psicologia para todos<\/div><\/div><\/li>\n                <li style=\"display: none; width: 100%;\" class=\"slide-2359 ms-image \" aria-roledescription=\"slide\" data-date=\"2021-02-17 15:23:43\" data-filename=\"ant-silva-600x500.jpg\" data-slide-type=\"image\"><img loading=\"lazy\" decoding=\"async\" src=\"https:\/\/www.radioclubedodao.pt\/site\/wp-content\/uploads\/ant-silva-600x500.jpg\" height=\"500\" width=\"600\" alt=\"\" class=\"slider-232 slide-2359 msDefaultImage\" \/><div class=\"caption-wrap\"><div class=\"caption\">Ant\u00f3nio Silva<\/div><\/div><\/li>\n                <li style=\"display: none; width: 100%;\" class=\"slide-2360 ms-image \" aria-roledescription=\"slide\" data-date=\"2021-02-17 15:23:47\" data-filename=\"140428698_3939003616124413_3278708769674486793_n-600x500.jpg\" data-slide-type=\"image\"><img loading=\"lazy\" decoding=\"async\" src=\"https:\/\/www.radioclubedodao.pt\/site\/wp-content\/uploads\/140428698_3939003616124413_3278708769674486793_n-600x500.jpg\" height=\"500\" width=\"600\" alt=\"\" class=\"slider-232 slide-2360 msDefaultImage\" title=\"140428698_3939003616124413_3278708769674486793_n\" \/><div class=\"caption-wrap\"><div class=\"caption\">Daniel Vieira<\/div><\/div><\/li>\n                <li style=\"display: none; width: 100%;\" class=\"slide-2493 ms-image \" aria-roledescription=\"slide\" data-date=\"2021-04-09 11:55:36\" data-filename=\"Mario-Barbosa-Radio-e1617965807774-300x250.jpg\" data-slide-type=\"image\"><img loading=\"lazy\" decoding=\"async\" src=\"https:\/\/www.radioclubedodao.pt\/site\/wp-content\/uploads\/Mario-Barbosa-Radio-e1617965807774-300x250.jpg\" height=\"500\" width=\"600\" alt=\"\" class=\"slider-232 slide-2493 msDefaultImage\" \/><\/li>\n                <li style=\"display: none; width: 100%;\" class=\"slide-2808 ms-image \" aria-roledescription=\"slide\" data-date=\"2021-11-09 15:55:37\" data-filename=\"15037197_1447524798610794_7489129954401872210_n-600x500.jpg\" data-slide-type=\"image\"><img loading=\"lazy\" decoding=\"async\" src=\"https:\/\/www.radioclubedodao.pt\/site\/wp-content\/uploads\/15037197_1447524798610794_7489129954401872210_n-600x500.jpg\" height=\"500\" width=\"600\" alt=\"Agostinho Bizarro\" class=\"slider-232 slide-2808 msDefaultImage\" title=\"15037197_1447524798610794_7489129954401872210_n\" \/><div class=\"caption-wrap\"><div class=\"caption\">Agostinho Bizarro<\/div><\/div><\/li>\n            <\/ul>\n        <\/div>\n        \n    <\/div>\n<\/div>&#8216;<\/p>\n","protected":false},"excerpt":{"rendered":"<p>&#8221;<\/p>\n","protected":false},"author":1,"featured_media":0,"parent":0,"menu_order":5,"comment_status":"closed","ping_status":"closed","template":"","meta":{"podcast_url":"","podcast_explicit":"no","podcast_captioned":false,"podcast_duration":"","podcast_filesize":0,"podcast_mime":"","enclosure":"","podcast_season_number":"","podcast_episode_number":"","podcast_episode_type":"none","podcast_transcript":"","sfsi_plus_gutenberg_text_before_share":"","sfsi_plus_gutenberg_show_text_before_share":"","sfsi_plus_gutenberg_icon_type":"","sfsi_plus_gutenberg_icon_alignemt":"","sfsi_plus_gutenburg_max_per_row":"","footnotes":""},"class_list":["post-139","page","type-page","status-publish","hentry"],"yoast_head":"<!-- This site is optimized with the Yoast SEO plugin v24.1 - https:\/\/yoast.com\/wordpress\/plugins\/seo\/ -->\n<title>Equipa - R\u00e1dio Clube do D\u00e3o<\/title>\n<meta name=\"robots\" content=\"index, follow, max-snippet:-1, max-image-preview:large, max-video-preview:-1\" \/>\n<link rel=\"canonical\" href=\"https:\/\/www.radioclubedodao.pt\/site\/equipa-2\/\" \/>\n<meta property=\"og:locale\" content=\"pt_PT\" \/>\n<meta property=\"og:type\" content=\"article\" \/>\n<meta property=\"og:title\" content=\"Equipa - R\u00e1dio Clube do D\u00e3o\" \/>\n<meta property=\"og:description\" content=\"&#8221;\" \/>\n<meta property=\"og:url\" content=\"https:\/\/www.radioclubedodao.pt\/site\/equipa-2\/\" \/>\n<meta property=\"og:site_name\" content=\"R\u00e1dio Clube do D\u00e3o\" \/>\n<meta property=\"article:publisher\" content=\"https:\/\/www.facebook.com\/radioclubedodao\/\" \/>\n<meta property=\"article:modified_time\" content=\"2018-10-04T10:44:20+00:00\" \/>\n<meta name=\"twitter:card\" content=\"summary_large_image\" \/>\n<meta name=\"twitter:site\" content=\"@ClubeDao\" \/>\n<script type=\"application\/ld+json\" class=\"yoast-schema-graph\">{\"@context\":\"https:\/\/schema.org\",\"@graph\":[{\"@type\":\"WebPage\",\"@id\":\"https:\/\/www.radioclubedodao.pt\/site\/equipa-2\/\",\"url\":\"https:\/\/www.radioclubedodao.pt\/site\/equipa-2\/\",\"name\":\"Equipa - R\u00e1dio Clube do D\u00e3o\",\"isPartOf\":{\"@id\":\"https:\/\/www.radioclubedodao.pt\/site\/#website\"},\"datePublished\":\"2018-10-01T15:14:19+00:00\",\"dateModified\":\"2018-10-04T10:44:20+00:00\",\"breadcrumb\":{\"@id\":\"https:\/\/www.radioclubedodao.pt\/site\/equipa-2\/#breadcrumb\"},\"inLanguage\":\"pt-PT\",\"potentialAction\":[{\"@type\":\"ReadAction\",\"target\":[\"https:\/\/www.radioclubedodao.pt\/site\/equipa-2\/\"]}]},{\"@type\":\"BreadcrumbList\",\"@id\":\"https:\/\/www.radioclubedodao.pt\/site\/equipa-2\/#breadcrumb\",\"itemListElement\":[{\"@type\":\"ListItem\",\"position\":1,\"name\":\"In\u00edcio\",\"item\":\"https:\/\/www.radioclubedodao.pt\/site\/\"},{\"@type\":\"ListItem\",\"position\":2,\"name\":\"Equipa\"}]},{\"@type\":\"WebSite\",\"@id\":\"https:\/\/www.radioclubedodao.pt\/site\/#website\",\"url\":\"https:\/\/www.radioclubedodao.pt\/site\/\",\"name\":\"R\u00e1dio Clube do D\u00e3o\",\"description\":\"webr\u00e1dio\",\"publisher\":{\"@id\":\"https:\/\/www.radioclubedodao.pt\/site\/#organization\"},\"potentialAction\":[{\"@type\":\"SearchAction\",\"target\":{\"@type\":\"EntryPoint\",\"urlTemplate\":\"https:\/\/www.radioclubedodao.pt\/site\/?s={search_term_string}\"},\"query-input\":{\"@type\":\"PropertyValueSpecification\",\"valueRequired\":true,\"valueName\":\"search_term_string\"}}],\"inLanguage\":\"pt-PT\"},{\"@type\":\"Organization\",\"@id\":\"https:\/\/www.radioclubedodao.pt\/site\/#organization\",\"name\":\"R\u00e1dio Clube do D\u00e3o\",\"url\":\"https:\/\/www.radioclubedodao.pt\/site\/\",\"logo\":{\"@type\":\"ImageObject\",\"inLanguage\":\"pt-PT\",\"@id\":\"https:\/\/www.radioclubedodao.pt\/site\/#\/schema\/logo\/image\/\",\"url\":\"https:\/\/www.radioclubedodao.pt\/site\/wp-content\/uploads\/2018\/09\/10959501_1528800417385471_8159620885825168864_n.png\",\"contentUrl\":\"https:\/\/www.radioclubedodao.pt\/site\/wp-content\/uploads\/2018\/09\/10959501_1528800417385471_8159620885825168864_n.png\",\"width\":960,\"height\":678,\"caption\":\"R\u00e1dio Clube do D\u00e3o\"},\"image\":{\"@id\":\"https:\/\/www.radioclubedodao.pt\/site\/#\/schema\/logo\/image\/\"},\"sameAs\":[\"https:\/\/www.facebook.com\/radioclubedodao\/\",\"https:\/\/x.com\/ClubeDao\",\"https:\/\/www.instagram.com\/rcdao\/?hl=pt\"]}]}<\/script>\n<!-- \/ Yoast SEO plugin. -->","yoast_head_json":{"title":"Equipa - R\u00e1dio Clube do D\u00e3o","robots":{"index":"index","follow":"follow","max-snippet":"max-snippet:-1","max-image-preview":"max-image-preview:large","max-video-preview":"max-video-preview:-1"},"canonical":"https:\/\/www.radioclubedodao.pt\/site\/equipa-2\/","og_locale":"pt_PT","og_type":"article","og_title":"Equipa - R\u00e1dio Clube do D\u00e3o","og_description":"&#8221;","og_url":"https:\/\/www.radioclubedodao.pt\/site\/equipa-2\/","og_site_name":"R\u00e1dio Clube do D\u00e3o","article_publisher":"https:\/\/www.facebook.com\/radioclubedodao\/","article_modified_time":"2018-10-04T10:44:20+00:00","twitter_card":"summary_large_image","twitter_site":"@ClubeDao","schema":{"@context":"https:\/\/schema.org","@graph":[{"@type":"WebPage","@id":"https:\/\/www.radioclubedodao.pt\/site\/equipa-2\/","url":"https:\/\/www.radioclubedodao.pt\/site\/equipa-2\/","name":"Equipa - R\u00e1dio Clube do D\u00e3o","isPartOf":{"@id":"https:\/\/www.radioclubedodao.pt\/site\/#website"},"datePublished":"2018-10-01T15:14:19+00:00","dateModified":"2018-10-04T10:44:20+00:00","breadcrumb":{"@id":"https:\/\/www.radioclubedodao.pt\/site\/equipa-2\/#breadcrumb"},"inLanguage":"pt-PT","potentialAction":[{"@type":"ReadAction","target":["https:\/\/www.radioclubedodao.pt\/site\/equipa-2\/"]}]},{"@type":"BreadcrumbList","@id":"https:\/\/www.radioclubedodao.pt\/site\/equipa-2\/#breadcrumb","itemListElement":[{"@type":"ListItem","position":1,"name":"In\u00edcio","item":"https:\/\/www.radioclubedodao.pt\/site\/"},{"@type":"ListItem","position":2,"name":"Equipa"}]},{"@type":"WebSite","@id":"https:\/\/www.radioclubedodao.pt\/site\/#website","url":"https:\/\/www.radioclubedodao.pt\/site\/","name":"R\u00e1dio Clube do D\u00e3o","description":"webr\u00e1dio","publisher":{"@id":"https:\/\/www.radioclubedodao.pt\/site\/#organization"},"potentialAction":[{"@type":"SearchAction","target":{"@type":"EntryPoint","urlTemplate":"https:\/\/www.radioclubedodao.pt\/site\/?s={search_term_string}"},"query-input":{"@type":"PropertyValueSpecification","valueRequired":true,"valueName":"search_term_string"}}],"inLanguage":"pt-PT"},{"@type":"Organization","@id":"https:\/\/www.radioclubedodao.pt\/site\/#organization","name":"R\u00e1dio Clube do D\u00e3o","url":"https:\/\/www.radioclubedodao.pt\/site\/","logo":{"@type":"ImageObject","inLanguage":"pt-PT","@id":"https:\/\/www.radioclubedodao.pt\/site\/#\/schema\/logo\/image\/","url":"https:\/\/www.radioclubedodao.pt\/site\/wp-content\/uploads\/2018\/09\/10959501_1528800417385471_8159620885825168864_n.png","contentUrl":"https:\/\/www.radioclubedodao.pt\/site\/wp-content\/uploads\/2018\/09\/10959501_1528800417385471_8159620885825168864_n.png","width":960,"height":678,"caption":"R\u00e1dio Clube do D\u00e3o"},"image":{"@id":"https:\/\/www.radioclubedodao.pt\/site\/#\/schema\/logo\/image\/"},"sameAs":["https:\/\/www.facebook.com\/radioclubedodao\/","https:\/\/x.com\/ClubeDao","https:\/\/www.instagram.com\/rcdao\/?hl=pt"]}]}},"_links":{"self":[{"href":"https:\/\/www.radioclubedodao.pt\/site\/wp-json\/wp\/v2\/pages\/139","targetHints":{"allow":["GET"]}}],"collection":[{"href":"https:\/\/www.radioclubedodao.pt\/site\/wp-json\/wp\/v2\/pages"}],"about":[{"href":"https:\/\/www.radioclubedodao.pt\/site\/wp-json\/wp\/v2\/types\/page"}],"author":[{"embeddable":true,"href":"https:\/\/www.radioclubedodao.pt\/site\/wp-json\/wp\/v2\/users\/1"}],"replies":[{"embeddable":true,"href":"https:\/\/www.radioclubedodao.pt\/site\/wp-json\/wp\/v2\/comments?post=139"}],"version-history":[{"count":8,"href":"https:\/\/www.radioclubedodao.pt\/site\/wp-json\/wp\/v2\/pages\/139\/revisions"}],"predecessor-version":[{"id":258,"href":"https:\/\/www.radioclubedodao.pt\/site\/wp-json\/wp\/v2\/pages\/139\/revisions\/258"}],"wp:attachment":[{"href":"https:\/\/www.radioclubedodao.pt\/site\/wp-json\/wp\/v2\/media?parent=139"}],"curies":[{"name":"wp","href":"https:\/\/api.w.org\/{rel}","templated":true}]}}