{"id":280,"date":"2018-10-04T15:29:24","date_gmt":"2018-10-04T15:29:24","guid":{"rendered":"https:\/\/www.radioclubedodao.pt\/site\/?page_id=280"},"modified":"2026-03-14T22:31:22","modified_gmt":"2026-03-14T22:31:22","slug":"programacao-fim-de-semana","status":"publish","type":"page","link":"https:\/\/www.radioclubedodao.pt\/site\/programacao-fim-de-semana\/","title":{"rendered":"Programa\u00e7\u00e3o Fim de Semana"},"content":{"rendered":"<p><em><strong>S\u00c1BADOS<\/strong><\/em><\/p>\n<p><strong>\u00a07:00 | 9:00 \u2013 Folclore<\/strong><\/p>\n<p><strong>9:00 | 10:00 \u2013 Novos Parodiantes de Lisboa (Compacto semanal)<\/strong><\/p>\n<p><strong>10:45 \u2013 <\/strong><strong>Rubrica Dia da Hist\u00f3ria com Daniel Vieira<\/strong><\/p>\n<p><strong>11:00 \u2013\u00a0<\/strong><strong>Rubrica Festival das Can\u00e7\u00f5es com Daniel Vieira<\/strong><\/p>\n<p><strong>11:00 | 12:00 \u2013 Cantar Portugu\u00eas com Ant\u00f3nio Silva<\/strong><\/p>\n<p><strong>12:00 \u2013 <\/strong><strong>Rubrica Espa\u00e7o Deco com Isa Tudela<\/strong><\/p>\n<p><strong>12:30 \u2013 Seguran\u00e7a Rodovi\u00e1ria<\/strong><\/p>\n<p><strong>13:30 \u2013 Audio Press Portugal<\/strong><\/p>\n<p><strong>14:00 | 16:00 \u2013 Ponto de Encontro com Julio Ricardo<\/strong><\/p>\n<p><strong>16:00 | 17:00 \u2013 Via Brasil<\/strong><\/p>\n<p><strong>17:00 | 18:00 \u2013 Ponto PT com Rui Cardoso<\/strong><\/p>\n<p><strong>18:30 \u2013 Audio Press Portugal<\/strong><\/p>\n<p><strong>19:30 \u2013 Seguran\u00e7a Rodovi\u00e1ria<\/strong><\/p>\n<p><strong>20:00 |22:00 \u2013 Divulgarte<\/strong><\/p>\n<p><strong>22:00 \u2013 Psicologia para todos<\/strong><\/p>\n<p><strong>22:00 | 00:00\u2013 Fados<\/strong><\/p>\n<p><em><strong>DOMINGOS<\/strong><\/em><\/p>\n<p><strong>7:00 | 9:00 \u2013 Folclore<\/strong><\/p>\n<p><strong>9:00 | 11:00 \u2013\u00a0 Outros tempos com M\u00e1rio Barbosa<\/strong><\/p>\n<p><strong>11:00 \u2013\u00a0<\/strong><strong>Rubrica Festival das Can\u00e7\u00f5es com Daniel Vieira<\/strong><\/p>\n<p><strong>11:45 \u2013 <\/strong><strong>Rubrica Dia da Hist\u00f3ria com Daniel Vieira<\/strong><\/p>\n<p><strong>12:00 \u2013 <\/strong><strong>Rubrica Espa\u00e7o Deco com Isa Tudela<\/strong><\/p>\n<p><strong>12:30 \u2013 Seguran\u00e7a Rodovi\u00e1ria<\/strong><\/p>\n<p><strong>13:30 \u2013 Audio Press Portugal<\/strong><\/p>\n<p><strong>14:00 | 16:00 \u2013 Legendado em Portugu\u00eas<\/strong><\/p>\n<p><strong>16:00 | 18:00 \u2013 Clube Megahertz com Daniel Vieira<\/strong><\/p>\n<p><strong>18:30 \u2013 Audio Press Portugal<\/strong><\/p>\n<p><strong>19:30 \u2013 Seguran\u00e7a Rodovi\u00e1ria<\/strong><\/p>\n<p><strong>20:30 \u2013 Ler para Crer (compacto)<\/strong><\/p>\n<p><strong>22:00 | 00:00 \u2013 Divulgarte (repeti\u00e7\u00e3o)<\/strong><\/p>\n","protected":false},"excerpt":{"rendered":"<p>S\u00c1BADOS \u00a07:00 | 9:00 \u2013 Folclore 9:00 | 10:00 \u2013 Novos Parodiantes de Lisboa (Compacto semanal) 10:45 \u2013 Rubrica Dia da Hist\u00f3ria com Daniel Vieira 11:00 \u2013\u00a0Rubrica Festival das Can\u00e7\u00f5es com Daniel Vieira 11:00 |&#8230;<\/p>\n","protected":false},"author":1,"featured_media":0,"parent":0,"menu_order":0,"comment_status":"closed","ping_status":"closed","template":"","meta":{"podcast_url":"","podcast_explicit":"no","podcast_captioned":false,"podcast_duration":"","podcast_filesize":0,"podcast_mime":"","enclosure":"","podcast_season_number":"","podcast_episode_number":"","podcast_episode_type":"none","podcast_transcript":"","sfsi_plus_gutenberg_text_before_share":"","sfsi_plus_gutenberg_show_text_before_share":"","sfsi_plus_gutenberg_icon_type":"","sfsi_plus_gutenberg_icon_alignemt":"","sfsi_plus_gutenburg_max_per_row":"","footnotes":""},"class_list":["post-280","page","type-page","status-publish","hentry"],"yoast_head":"<!-- This site is optimized with the Yoast SEO plugin v24.1 - https:\/\/yoast.com\/wordpress\/plugins\/seo\/ -->\n<title>Programa\u00e7\u00e3o Fim de Semana - R\u00e1dio Clube do D\u00e3o<\/title>\n<meta name=\"robots\" content=\"index, follow, max-snippet:-1, max-image-preview:large, max-video-preview:-1\" \/>\n<link rel=\"canonical\" href=\"https:\/\/www.radioclubedodao.pt\/site\/programacao-fim-de-semana\/\" \/>\n<meta property=\"og:locale\" content=\"pt_PT\" \/>\n<meta property=\"og:type\" content=\"article\" \/>\n<meta property=\"og:title\" content=\"Programa\u00e7\u00e3o Fim de Semana - R\u00e1dio Clube do D\u00e3o\" \/>\n<meta property=\"og:description\" content=\"S\u00c1BADOS \u00a07:00 | 9:00 \u2013 Folclore 9:00 | 10:00 \u2013 Novos Parodiantes de Lisboa (Compacto semanal) 10:45 \u2013 Rubrica Dia da Hist\u00f3ria com Daniel Vieira 11:00 \u2013\u00a0Rubrica Festival das Can\u00e7\u00f5es com Daniel Vieira 11:00 |...\" \/>\n<meta property=\"og:url\" content=\"https:\/\/www.radioclubedodao.pt\/site\/programacao-fim-de-semana\/\" \/>\n<meta property=\"og:site_name\" content=\"R\u00e1dio Clube do D\u00e3o\" \/>\n<meta property=\"article:publisher\" content=\"https:\/\/www.facebook.com\/radioclubedodao\/\" \/>\n<meta property=\"article:modified_time\" content=\"2026-03-14T22:31:22+00:00\" \/>\n<meta name=\"twitter:card\" content=\"summary_large_image\" \/>\n<meta name=\"twitter:site\" content=\"@ClubeDao\" \/>\n<meta name=\"twitter:label1\" content=\"Tempo estimado de leitura\" \/>\n\t<meta name=\"twitter:data1\" content=\"1 minuto\" \/>\n<script type=\"application\/ld+json\" class=\"yoast-schema-graph\">{\"@context\":\"https:\/\/schema.org\",\"@graph\":[{\"@type\":\"WebPage\",\"@id\":\"https:\/\/www.radioclubedodao.pt\/site\/programacao-fim-de-semana\/\",\"url\":\"https:\/\/www.radioclubedodao.pt\/site\/programacao-fim-de-semana\/\",\"name\":\"Programa\u00e7\u00e3o Fim de Semana - R\u00e1dio Clube do D\u00e3o\",\"isPartOf\":{\"@id\":\"https:\/\/www.radioclubedodao.pt\/site\/#website\"},\"datePublished\":\"2018-10-04T15:29:24+00:00\",\"dateModified\":\"2026-03-14T22:31:22+00:00\",\"breadcrumb\":{\"@id\":\"https:\/\/www.radioclubedodao.pt\/site\/programacao-fim-de-semana\/#breadcrumb\"},\"inLanguage\":\"pt-PT\",\"potentialAction\":[{\"@type\":\"ReadAction\",\"target\":[\"https:\/\/www.radioclubedodao.pt\/site\/programacao-fim-de-semana\/\"]}]},{\"@type\":\"BreadcrumbList\",\"@id\":\"https:\/\/www.radioclubedodao.pt\/site\/programacao-fim-de-semana\/#breadcrumb\",\"itemListElement\":[{\"@type\":\"ListItem\",\"position\":1,\"name\":\"In\u00edcio\",\"item\":\"https:\/\/www.radioclubedodao.pt\/site\/\"},{\"@type\":\"ListItem\",\"position\":2,\"name\":\"Programa\u00e7\u00e3o Fim de Semana\"}]},{\"@type\":\"WebSite\",\"@id\":\"https:\/\/www.radioclubedodao.pt\/site\/#website\",\"url\":\"https:\/\/www.radioclubedodao.pt\/site\/\",\"name\":\"R\u00e1dio Clube do D\u00e3o\",\"description\":\"webr\u00e1dio\",\"publisher\":{\"@id\":\"https:\/\/www.radioclubedodao.pt\/site\/#organization\"},\"potentialAction\":[{\"@type\":\"SearchAction\",\"target\":{\"@type\":\"EntryPoint\",\"urlTemplate\":\"https:\/\/www.radioclubedodao.pt\/site\/?s={search_term_string}\"},\"query-input\":{\"@type\":\"PropertyValueSpecification\",\"valueRequired\":true,\"valueName\":\"search_term_string\"}}],\"inLanguage\":\"pt-PT\"},{\"@type\":\"Organization\",\"@id\":\"https:\/\/www.radioclubedodao.pt\/site\/#organization\",\"name\":\"R\u00e1dio Clube do D\u00e3o\",\"url\":\"https:\/\/www.radioclubedodao.pt\/site\/\",\"logo\":{\"@type\":\"ImageObject\",\"inLanguage\":\"pt-PT\",\"@id\":\"https:\/\/www.radioclubedodao.pt\/site\/#\/schema\/logo\/image\/\",\"url\":\"https:\/\/www.radioclubedodao.pt\/site\/wp-content\/uploads\/2018\/09\/10959501_1528800417385471_8159620885825168864_n.png\",\"contentUrl\":\"https:\/\/www.radioclubedodao.pt\/site\/wp-content\/uploads\/2018\/09\/10959501_1528800417385471_8159620885825168864_n.png\",\"width\":960,\"height\":678,\"caption\":\"R\u00e1dio Clube do D\u00e3o\"},\"image\":{\"@id\":\"https:\/\/www.radioclubedodao.pt\/site\/#\/schema\/logo\/image\/\"},\"sameAs\":[\"https:\/\/www.facebook.com\/radioclubedodao\/\",\"https:\/\/x.com\/ClubeDao\",\"https:\/\/www.instagram.com\/rcdao\/?hl=pt\"]}]}<\/script>\n<!-- \/ Yoast SEO plugin. -->","yoast_head_json":{"title":"Programa\u00e7\u00e3o Fim de Semana - R\u00e1dio Clube do D\u00e3o","robots":{"index":"index","follow":"follow","max-snippet":"max-snippet:-1","max-image-preview":"max-image-preview:large","max-video-preview":"max-video-preview:-1"},"canonical":"https:\/\/www.radioclubedodao.pt\/site\/programacao-fim-de-semana\/","og_locale":"pt_PT","og_type":"article","og_title":"Programa\u00e7\u00e3o Fim de Semana - R\u00e1dio Clube do D\u00e3o","og_description":"S\u00c1BADOS \u00a07:00 | 9:00 \u2013 Folclore 9:00 | 10:00 \u2013 Novos Parodiantes de Lisboa (Compacto semanal) 10:45 \u2013 Rubrica Dia da Hist\u00f3ria com Daniel Vieira 11:00 \u2013\u00a0Rubrica Festival das Can\u00e7\u00f5es com Daniel Vieira 11:00 |...","og_url":"https:\/\/www.radioclubedodao.pt\/site\/programacao-fim-de-semana\/","og_site_name":"R\u00e1dio Clube do D\u00e3o","article_publisher":"https:\/\/www.facebook.com\/radioclubedodao\/","article_modified_time":"2026-03-14T22:31:22+00:00","twitter_card":"summary_large_image","twitter_site":"@ClubeDao","twitter_misc":{"Tempo estimado de leitura":"1 minuto"},"schema":{"@context":"https:\/\/schema.org","@graph":[{"@type":"WebPage","@id":"https:\/\/www.radioclubedodao.pt\/site\/programacao-fim-de-semana\/","url":"https:\/\/www.radioclubedodao.pt\/site\/programacao-fim-de-semana\/","name":"Programa\u00e7\u00e3o Fim de Semana - R\u00e1dio Clube do D\u00e3o","isPartOf":{"@id":"https:\/\/www.radioclubedodao.pt\/site\/#website"},"datePublished":"2018-10-04T15:29:24+00:00","dateModified":"2026-03-14T22:31:22+00:00","breadcrumb":{"@id":"https:\/\/www.radioclubedodao.pt\/site\/programacao-fim-de-semana\/#breadcrumb"},"inLanguage":"pt-PT","potentialAction":[{"@type":"ReadAction","target":["https:\/\/www.radioclubedodao.pt\/site\/programacao-fim-de-semana\/"]}]},{"@type":"BreadcrumbList","@id":"https:\/\/www.radioclubedodao.pt\/site\/programacao-fim-de-semana\/#breadcrumb","itemListElement":[{"@type":"ListItem","position":1,"name":"In\u00edcio","item":"https:\/\/www.radioclubedodao.pt\/site\/"},{"@type":"ListItem","position":2,"name":"Programa\u00e7\u00e3o Fim de Semana"}]},{"@type":"WebSite","@id":"https:\/\/www.radioclubedodao.pt\/site\/#website","url":"https:\/\/www.radioclubedodao.pt\/site\/","name":"R\u00e1dio Clube do D\u00e3o","description":"webr\u00e1dio","publisher":{"@id":"https:\/\/www.radioclubedodao.pt\/site\/#organization"},"potentialAction":[{"@type":"SearchAction","target":{"@type":"EntryPoint","urlTemplate":"https:\/\/www.radioclubedodao.pt\/site\/?s={search_term_string}"},"query-input":{"@type":"PropertyValueSpecification","valueRequired":true,"valueName":"search_term_string"}}],"inLanguage":"pt-PT"},{"@type":"Organization","@id":"https:\/\/www.radioclubedodao.pt\/site\/#organization","name":"R\u00e1dio Clube do D\u00e3o","url":"https:\/\/www.radioclubedodao.pt\/site\/","logo":{"@type":"ImageObject","inLanguage":"pt-PT","@id":"https:\/\/www.radioclubedodao.pt\/site\/#\/schema\/logo\/image\/","url":"https:\/\/www.radioclubedodao.pt\/site\/wp-content\/uploads\/2018\/09\/10959501_1528800417385471_8159620885825168864_n.png","contentUrl":"https:\/\/www.radioclubedodao.pt\/site\/wp-content\/uploads\/2018\/09\/10959501_1528800417385471_8159620885825168864_n.png","width":960,"height":678,"caption":"R\u00e1dio Clube do D\u00e3o"},"image":{"@id":"https:\/\/www.radioclubedodao.pt\/site\/#\/schema\/logo\/image\/"},"sameAs":["https:\/\/www.facebook.com\/radioclubedodao\/","https:\/\/x.com\/ClubeDao","https:\/\/www.instagram.com\/rcdao\/?hl=pt"]}]}},"_links":{"self":[{"href":"https:\/\/www.radioclubedodao.pt\/site\/wp-json\/wp\/v2\/pages\/280","targetHints":{"allow":["GET"]}}],"collection":[{"href":"https:\/\/www.radioclubedodao.pt\/site\/wp-json\/wp\/v2\/pages"}],"about":[{"href":"https:\/\/www.radioclubedodao.pt\/site\/wp-json\/wp\/v2\/types\/page"}],"author":[{"embeddable":true,"href":"https:\/\/www.radioclubedodao.pt\/site\/wp-json\/wp\/v2\/users\/1"}],"replies":[{"embeddable":true,"href":"https:\/\/www.radioclubedodao.pt\/site\/wp-json\/wp\/v2\/comments?post=280"}],"version-history":[{"count":19,"href":"https:\/\/www.radioclubedodao.pt\/site\/wp-json\/wp\/v2\/pages\/280\/revisions"}],"predecessor-version":[{"id":4108,"href":"https:\/\/www.radioclubedodao.pt\/site\/wp-json\/wp\/v2\/pages\/280\/revisions\/4108"}],"wp:attachment":[{"href":"https:\/\/www.radioclubedodao.pt\/site\/wp-json\/wp\/v2\/media?parent=280"}],"curies":[{"name":"wp","href":"https:\/\/api.w.org\/{rel}","templated":true}]}}